{"id":622,"date":"2023-12-09T12:23:55","date_gmt":"2023-12-09T17:23:55","guid":{"rendered":"https:\/\/vixnex.com\/directorio\/?page_id=622"},"modified":"2023-12-09T12:31:00","modified_gmt":"2023-12-09T17:31:00","slug":"quienes-somos","status":"publish","type":"page","link":"https:\/\/vixnex.com\/directorio\/quienes-somos\/","title":{"rendered":"Quienes Somos"},"content":{"rendered":"\t\t<div data-elementor-type=\"wp-page\" data-elementor-id=\"622\" class=\"elementor elementor-622\" data-elementor-post-type=\"page\">\n\t\t\t\t<div class=\"elementor-element elementor-element-3b1fe200 e-flex e-con-boxed e-con e-parent\" data-id=\"3b1fe200\" data-element_type=\"container\">\n\t\t\t\t\t<div class=\"e-con-inner\">\n\t\t\t\t<div class=\"elementor-element elementor-element-2009f305 elementor-widget elementor-widget-text-editor\" data-id=\"2009f305\" data-element_type=\"widget\" data-widget_type=\"text-editor.default\">\n\t\t\t\t<div class=\"elementor-widget-container\">\n\t\t\t\t\t\t\t\t\t<h2><span style=\"color: #000000;\">Conozca mas de nuestros Servicios<\/span><\/h2><p><span style=\"color: #000000;\">En <a style=\"color: #000000;\" title=\"Directorio Comercial de Empresas\" href=\"\/directorio\/\"><strong>VixNex SAS<\/strong><\/a>, nos dedicamos apasionadamente a impulsar la presencia en l\u00ednea y el \u00e9xito empresarial a trav\u00e9s de estrategias de marketing digital innovadoras. Con una firme convicci\u00f3n en el poder de la visibilidad en internet, nos especializamos en servicios integrales de SEO (Optimizaci\u00f3n de Motores de B\u00fasqueda) y SEM (Marketing en Motores de B\u00fasqueda), ofreciendo soluciones efectivas para aumentar la visibilidad de nuestros clientes en la web.<\/span><\/p><h3><span style=\"color: #000000;\">Nuestro Enfoque Comercial<\/span><\/h3><p><span style=\"color: #000000;\">Nuestro enfoque se centra en resultados tangibles y crecimiento sostenible. Trabajamos en estrecha colaboraci\u00f3n con empresas de todos los tama\u00f1os y sectores, brindando soluciones personalizadas que se adaptan a sus necesidades espec\u00edficas. Nos enorgullecemos de ser expertos en identificar y aprovechar las oportunidades digitales para mejorar la presencia en l\u00ednea de nuestros clientes y potenciar su \u00e9xito comercial.<\/span><\/p><h3><span style=\"color: #000000;\">Directorio Innovador<\/span><\/h3><p><span style=\"color: #000000;\">Una de nuestras principales ofertas es nuestro innovador Directorio de Empresas, un recurso integral que conecta a miembros inscritos con una audiencia global. Este directorio no solo ofrece un espacio para que las empresas se destaquen, sino que tambi\u00e9n proporciona enlaces estrat\u00e9gicos que ampl\u00edan su alcance y visibilidad en l\u00ednea. Con un enfoque en la calidad y relevancia, nuestro directorio se ha convertido en un eje central para las empresas que buscan aumentar su exposici\u00f3n y conectarse con clientes potenciales de manera efectiva.<\/span><\/p><p>\u00a0<\/p><h3><span style=\"color: #000000;\">Comprometidos con nuestra Misi\u00f3n<\/span><\/h3><p><span style=\"color: #000000;\">En <strong>VixNex SAS<\/strong>, nuestra misi\u00f3n es impulsar el crecimiento de nuestros clientes a trav\u00e9s de estrategias digitales s\u00f3lidas y servicios de vanguardia. Estamos comprometidos con la excelencia, la creatividad y la constante evoluci\u00f3n para asegurarnos de que cada empresa con la que trabajamos alcance y supere sus metas en el mundo digital en constante cambio.<\/span><\/p><p>\u00a0<\/p><h4><span style=\"color: #000000;\">Importancia de Los Directorios<\/span><\/h4><p><span style=\"color: #000000;\">La presencia en m\u00faltiples directorios con enlaces salientes es fundamental en la estrategia de marketing digital de cualquier empresa. Estos directorios no solo act\u00faan como vitrinas que exhiben los servicios y productos de un negocio, sino que tambi\u00e9n desempe\u00f1an un papel crucial en la mejora del SEO y la visibilidad en l\u00ednea. La inclusi\u00f3n en diversos directorios relevantes no solo ampl\u00eda la exposici\u00f3n de una empresa a diferentes audiencias, sino que tambi\u00e9n fortalece su autoridad y credibilidad en el mundo digital.<\/span><\/p><p><span style=\"color: #000000;\">La multiplicidad de enlaces salientes provenientes de directorios confiables y pertinentes es un componente esencial para mejorar el posicionamiento en los motores de b\u00fasqueda. Los motores de b\u00fasqueda consideran estos enlaces como indicadores de relevancia y confianza, lo que puede resultar en una mejora significativa en el ranking de b\u00fasqueda.<\/span><\/p><p>\u00a0<\/p><p><span style=\"color: #000000;\">Adem\u00e1s, estar presente en m\u00faltiples directorios especializados o locales no solo aumenta las posibilidades de ser encontrado por clientes potenciales, sino que tambi\u00e9n fomenta una red s\u00f3lida de asociaciones comerciales y conexiones dentro de la industria. En resumen, la inclusi\u00f3n en varios directorios con enlaces salientes estrat\u00e9gicos no solo aumenta la visibilidad, sino que tambi\u00e9n contribuye al crecimiento org\u00e1nico y la credibilidad de una empresa en el panorama digital actual.<\/span><\/p><p>\u00a0<\/p><p><span style=\"color: #000000;\">Un proyecto de <a style=\"color: #000000;\" href=\"\/\">Vixnex SAS<\/a> con el patrocini\u00f3 de <a style=\"color: #000000;\" title=\"Marketplace Colombia\" href=\"https:\/\/colombia.com.co\" target=\"_blank\" rel=\"noopener\">Marketplace Colombia<\/a><\/span><\/p><p><span style=\"color: #000000;\"><a style=\"color: #000000;\" href=\"https:\/\/vixnex.com\"><img decoding=\"async\" class=\"alignnone wp-image-613\" title=\"Directorios de Empresas y Comercios VixNex\" src=\"https:\/\/vixnex.com\/directorio\/wp-content\/uploads\/2023\/11\/Directorios-de-Empresas-y-Comercios-VixNex-300x87.png\" alt=\"Directorios de Empresas y Comercios VixNex\" width=\"214\" height=\"62\" srcset=\"https:\/\/vixnex.com\/directorio\/wp-content\/uploads\/2023\/11\/Directorios-de-Empresas-y-Comercios-VixNex-300x87.png 300w, https:\/\/vixnex.com\/directorio\/wp-content\/uploads\/2023\/11\/elementor\/thumbs\/Directorios-de-Empresas-y-Comercios-VixNex-qgkf8xhz0p0kqoee35sih1uqj0cv8bqavu6cmlb4mi.png 280w, https:\/\/vixnex.com\/directorio\/wp-content\/uploads\/2023\/11\/Directorios-de-Empresas-y-Comercios-VixNex.png 689w\" sizes=\"(max-width: 214px) 100vw, 214px\" \/><\/a><\/span><\/p><p><span style=\"color: #000000;\">Directorios de Empresas y Comercios VixNex<\/span><\/p><p>\u00a0<\/p>\t\t\t\t\t\t\t\t<\/div>\n\t\t\t\t<\/div>\n\t\t\t\t\t<\/div>\n\t\t\t\t<\/div>\n\t\t\t\t<\/div>\n\t\t","protected":false},"excerpt":{"rendered":"<p>Conozca mas de nuestros Servicios En VixNex SAS, nos dedicamos apasionadamente a impulsar la presencia en l\u00ednea y el \u00e9xito empresarial a trav\u00e9s de estrategias de marketing digital innovadoras. Con una firme convicci\u00f3n en el poder de la visibilidad en internet, nos especializamos en servicios integrales de SEO (Optimizaci\u00f3n de Motores de B\u00fasqueda) y SEM [&hellip;]<\/p>\n","protected":false},"author":1,"featured_media":0,"parent":0,"menu_order":0,"comment_status":"closed","ping_status":"closed","template":"","meta":{"footnotes":""},"class_list":["post-622","page","type-page","status-publish","hentry"],"aioseo_notices":[],"_links":{"self":[{"href":"https:\/\/vixnex.com\/directorio\/wp-json\/wp\/v2\/pages\/622","targetHints":{"allow":["GET"]}}],"collection":[{"href":"https:\/\/vixnex.com\/directorio\/wp-json\/wp\/v2\/pages"}],"about":[{"href":"https:\/\/vixnex.com\/directorio\/wp-json\/wp\/v2\/types\/page"}],"author":[{"embeddable":true,"href":"https:\/\/vixnex.com\/directorio\/wp-json\/wp\/v2\/users\/1"}],"replies":[{"embeddable":true,"href":"https:\/\/vixnex.com\/directorio\/wp-json\/wp\/v2\/comments?post=622"}],"version-history":[{"count":6,"href":"https:\/\/vixnex.com\/directorio\/wp-json\/wp\/v2\/pages\/622\/revisions"}],"predecessor-version":[{"id":631,"href":"https:\/\/vixnex.com\/directorio\/wp-json\/wp\/v2\/pages\/622\/revisions\/631"}],"wp:attachment":[{"href":"https:\/\/vixnex.com\/directorio\/wp-json\/wp\/v2\/media?parent=622"}],"curies":[{"name":"wp","href":"https:\/\/api.w.org\/{rel}","templated":true}]}}